{"id":3488,"date":"2024-09-30T23:47:06","date_gmt":"2024-09-30T20:47:06","guid":{"rendered":"https:\/\/kemalcicek.com\/?page_id=3488"},"modified":"2024-10-04T11:43:58","modified_gmt":"2024-10-04T08:43:58","slug":"anasayfa","status":"publish","type":"page","link":"https:\/\/kemalcicek.com\/","title":{"rendered":"Anasayfa"},"content":{"rendered":"\t\t<div data-elementor-type=\"wp-page\" data-elementor-id=\"3488\" class=\"elementor elementor-3488\" data-elementor-post-type=\"page\">\n\t\t\t\t<div class=\"elementor-element elementor-element-ad875ef e-con-full e-flex e-con e-parent\" data-id=\"ad875ef\" data-element_type=\"container\" data-settings=\"{&quot;background_background&quot;:&quot;classic&quot;}\">\n\t\t\t\t<div class=\"elementor-element elementor-element-a0cfedc elementor-widget__width-initial elementor-widget elementor-widget-theme-site-logo elementor-widget-image\" data-id=\"a0cfedc\" data-element_type=\"widget\" data-widget_type=\"theme-site-logo.default\">\n\t\t\t\t<div class=\"elementor-widget-container\">\n\t\t\t\t\t\t\t\t\t<a href=\"https:\/\/kemalcicek.com\">\n\t\t\t<img fetchpriority=\"high\" decoding=\"async\" width=\"512\" height=\"512\" src=\"https:\/\/kemalcicek.com\/wp-content\/uploads\/2024\/08\/cropped-logo-512.png\" class=\"attachment-full size-full wp-image-3228\" alt=\"\" srcset=\"https:\/\/kemalcicek.com\/wp-content\/uploads\/2024\/08\/cropped-logo-512.png 512w, https:\/\/kemalcicek.com\/wp-content\/uploads\/2024\/08\/cropped-logo-512-300x300.png 300w, https:\/\/kemalcicek.com\/wp-content\/uploads\/2024\/08\/cropped-logo-512-150x150.png 150w, https:\/\/kemalcicek.com\/wp-content\/uploads\/2024\/08\/cropped-logo-512-270x270.png 270w, https:\/\/kemalcicek.com\/wp-content\/uploads\/2024\/08\/cropped-logo-512-192x192.png 192w, https:\/\/kemalcicek.com\/wp-content\/uploads\/2024\/08\/cropped-logo-512-180x180.png 180w, https:\/\/kemalcicek.com\/wp-content\/uploads\/2024\/08\/cropped-logo-512-32x32.png 32w\" sizes=\"(max-width: 512px) 100vw, 512px\" \/>\t\t\t\t<\/a>\n\t\t\t\t\t\t\t\t\t<\/div>\n\t\t\t\t<\/div>\n\t\t\t\t<div class=\"elementor-element elementor-element-1254209 elementor-nav-menu__align-center elementor-widget__width-inherit e-transform elementor-nav-menu--dropdown-tablet elementor-nav-menu__text-align-aside elementor-nav-menu--toggle elementor-nav-menu--burger elementor-widget elementor-widget-nav-menu\" data-id=\"1254209\" data-element_type=\"widget\" data-settings=\"{&quot;_transform_translateX_effect&quot;:{&quot;unit&quot;:&quot;px&quot;,&quot;size&quot;:-89,&quot;sizes&quot;:[]},&quot;layout&quot;:&quot;horizontal&quot;,&quot;submenu_icon&quot;:{&quot;value&quot;:&quot;&lt;svg class=\\&quot;e-font-icon-svg e-fas-caret-down\\&quot; viewBox=\\&quot;0 0 320 512\\&quot; xmlns=\\&quot;http:\\\/\\\/www.w3.org\\\/2000\\\/svg\\&quot;&gt;&lt;path d=\\&quot;M31.3 192h257.3c17.8 0 26.7 21.5 14.1 34.1L174.1 354.8c-7.8 7.8-20.5 7.8-28.3 0L17.2 226.1C4.6 213.5 13.5 192 31.3 192z\\&quot;&gt;&lt;\\\/path&gt;&lt;\\\/svg&gt;&quot;,&quot;library&quot;:&quot;fa-solid&quot;},&quot;toggle&quot;:&quot;burger&quot;,&quot;_transform_translateX_effect_tablet&quot;:{&quot;unit&quot;:&quot;px&quot;,&quot;size&quot;:&quot;&quot;,&quot;sizes&quot;:[]},&quot;_transform_translateX_effect_mobile&quot;:{&quot;unit&quot;:&quot;px&quot;,&quot;size&quot;:&quot;&quot;,&quot;sizes&quot;:[]},&quot;_transform_translateY_effect&quot;:{&quot;unit&quot;:&quot;px&quot;,&quot;size&quot;:&quot;&quot;,&quot;sizes&quot;:[]},&quot;_transform_translateY_effect_tablet&quot;:{&quot;unit&quot;:&quot;px&quot;,&quot;size&quot;:&quot;&quot;,&quot;sizes&quot;:[]},&quot;_transform_translateY_effect_mobile&quot;:{&quot;unit&quot;:&quot;px&quot;,&quot;size&quot;:&quot;&quot;,&quot;sizes&quot;:[]}}\" data-widget_type=\"nav-menu.default\">\n\t\t\t\t<div class=\"elementor-widget-container\">\n\t\t\t\t\t\t<nav aria-label=\"Menu\" class=\"elementor-nav-menu--main elementor-nav-menu__container elementor-nav-menu--layout-horizontal e--pointer-underline e--animation-fade\">\n\t\t\t\t<ul id=\"menu-1-1254209\" class=\"elementor-nav-menu\"><li class=\"menu-item menu-item-type-post_type menu-item-object-page menu-item-home menu-item-3494\"><a href=\"https:\/\/kemalcicek.com\/\" class=\"elementor-item\">ANASAYFA<\/a><\/li>\n<li class=\"menu-item menu-item-type-post_type menu-item-object-page menu-item-3582\"><a href=\"https:\/\/kemalcicek.com\/index.php\/tv-programlari\/\" class=\"elementor-item\">TV PROGRAMLARI<\/a><\/li>\n<li class=\"menu-item menu-item-type-post_type menu-item-object-page menu-item-3591\"><a href=\"https:\/\/kemalcicek.com\/index.php\/medya-haberleri\/\" class=\"elementor-item\">MEDYA HABERLER\u0130<\/a><\/li>\n<li class=\"menu-item menu-item-type-post_type menu-item-object-page menu-item-privacy-policy menu-item-3580\"><a rel=\"privacy-policy\" href=\"https:\/\/kemalcicek.com\/index.php\/kemal-cicek-fotograflar\/\" class=\"elementor-item\">KEMAL \u00c7\u0130\u00c7EK FOTO\u011eRAFLAR<\/a><\/li>\n<li class=\"menu-item menu-item-type-custom menu-item-object-custom menu-item-3487\"><a href=\"https:\/\/kemalcicek.com\/index.php\/iletisim\/\" class=\"elementor-item\">\u0130LET\u0130\u015e\u0130M<\/a><\/li>\n<\/ul>\t\t\t<\/nav>\n\t\t\t\t\t<div class=\"elementor-menu-toggle\" role=\"button\" tabindex=\"0\" aria-label=\"Menu Toggle\" aria-expanded=\"false\">\n\t\t\t<svg aria-hidden=\"true\" role=\"presentation\" class=\"elementor-menu-toggle__icon--open e-font-icon-svg e-eicon-menu-bar\" viewBox=\"0 0 1000 1000\" xmlns=\"http:\/\/www.w3.org\/2000\/svg\"><path d=\"M104 333H896C929 333 958 304 958 271S929 208 896 208H104C71 208 42 237 42 271S71 333 104 333ZM104 583H896C929 583 958 554 958 521S929 458 896 458H104C71 458 42 487 42 521S71 583 104 583ZM104 833H896C929 833 958 804 958 771S929 708 896 708H104C71 708 42 737 42 771S71 833 104 833Z\"><\/path><\/svg><svg aria-hidden=\"true\" role=\"presentation\" class=\"elementor-menu-toggle__icon--close e-font-icon-svg e-eicon-close\" viewBox=\"0 0 1000 1000\" xmlns=\"http:\/\/www.w3.org\/2000\/svg\"><path d=\"M742 167L500 408 258 167C246 154 233 150 217 150 196 150 179 158 167 167 154 179 150 196 150 212 150 229 154 242 171 254L408 500 167 742C138 771 138 800 167 829 196 858 225 858 254 829L496 587 738 829C750 842 767 846 783 846 800 846 817 842 829 829 842 817 846 804 846 783 846 767 842 750 829 737L588 500 833 258C863 229 863 200 833 171 804 137 775 137 742 167Z\"><\/path><\/svg>\t\t\t<span class=\"elementor-screen-only\">Menu<\/span>\n\t\t<\/div>\n\t\t\t\t\t<nav class=\"elementor-nav-menu--dropdown elementor-nav-menu__container\" aria-hidden=\"true\">\n\t\t\t\t<ul id=\"menu-2-1254209\" class=\"elementor-nav-menu\"><li class=\"menu-item menu-item-type-post_type menu-item-object-page menu-item-home menu-item-3494\"><a href=\"https:\/\/kemalcicek.com\/\" class=\"elementor-item\" tabindex=\"-1\">ANASAYFA<\/a><\/li>\n<li class=\"menu-item menu-item-type-post_type menu-item-object-page menu-item-3582\"><a href=\"https:\/\/kemalcicek.com\/index.php\/tv-programlari\/\" class=\"elementor-item\" tabindex=\"-1\">TV PROGRAMLARI<\/a><\/li>\n<li class=\"menu-item menu-item-type-post_type menu-item-object-page menu-item-3591\"><a href=\"https:\/\/kemalcicek.com\/index.php\/medya-haberleri\/\" class=\"elementor-item\" tabindex=\"-1\">MEDYA HABERLER\u0130<\/a><\/li>\n<li class=\"menu-item menu-item-type-post_type menu-item-object-page menu-item-privacy-policy menu-item-3580\"><a rel=\"privacy-policy\" href=\"https:\/\/kemalcicek.com\/index.php\/kemal-cicek-fotograflar\/\" class=\"elementor-item\" tabindex=\"-1\">KEMAL \u00c7\u0130\u00c7EK FOTO\u011eRAFLAR<\/a><\/li>\n<li class=\"menu-item menu-item-type-custom menu-item-object-custom menu-item-3487\"><a href=\"https:\/\/kemalcicek.com\/index.php\/iletisim\/\" class=\"elementor-item\" tabindex=\"-1\">\u0130LET\u0130\u015e\u0130M<\/a><\/li>\n<\/ul>\t\t\t<\/nav>\n\t\t\t\t<\/div>\n\t\t\t\t<\/div>\n\t\t\t\t<\/div>\n\t\t<div class=\"elementor-element elementor-element-53647054 e-grid e-transform e-con-boxed e-con e-parent\" data-id=\"53647054\" data-element_type=\"container\" data-settings=\"{&quot;_transform_translateY_effect&quot;:{&quot;unit&quot;:&quot;px&quot;,&quot;size&quot;:62,&quot;sizes&quot;:[]},&quot;_transform_translateX_effect&quot;:{&quot;unit&quot;:&quot;px&quot;,&quot;size&quot;:50,&quot;sizes&quot;:[]},&quot;_transform_translateX_effect_tablet&quot;:{&quot;unit&quot;:&quot;px&quot;,&quot;size&quot;:&quot;&quot;,&quot;sizes&quot;:[]},&quot;_transform_translateX_effect_mobile&quot;:{&quot;unit&quot;:&quot;px&quot;,&quot;size&quot;:&quot;&quot;,&quot;sizes&quot;:[]},&quot;_transform_translateY_effect_tablet&quot;:{&quot;unit&quot;:&quot;px&quot;,&quot;size&quot;:&quot;&quot;,&quot;sizes&quot;:[]},&quot;_transform_translateY_effect_mobile&quot;:{&quot;unit&quot;:&quot;px&quot;,&quot;size&quot;:&quot;&quot;,&quot;sizes&quot;:[]}}\">\n\t\t\t\t\t<div class=\"e-con-inner\">\n\t\t\t\t<div class=\"elementor-element elementor-element-48629730 elementor-widget elementor-widget-image\" data-id=\"48629730\" data-element_type=\"widget\" data-widget_type=\"image.default\">\n\t\t\t\t<div class=\"elementor-widget-container\">\n\t\t\t\t\t\t\t\t\t\t\t\t\t<img decoding=\"async\" width=\"704\" height=\"1024\" src=\"https:\/\/kemalcicek.com\/wp-content\/uploads\/2024\/08\/kemal-cicek-8-2-704x1024.jpg\" class=\"attachment-large size-large wp-image-2803\" alt=\"\" srcset=\"https:\/\/kemalcicek.com\/wp-content\/uploads\/2024\/08\/kemal-cicek-8-2-704x1024.jpg 704w, https:\/\/kemalcicek.com\/wp-content\/uploads\/2024\/08\/kemal-cicek-8-2-206x300.jpg 206w, https:\/\/kemalcicek.com\/wp-content\/uploads\/2024\/08\/kemal-cicek-8-2-768x1117.jpg 768w, https:\/\/kemalcicek.com\/wp-content\/uploads\/2024\/08\/kemal-cicek-8-2.jpg 780w\" sizes=\"(max-width: 704px) 100vw, 704px\" \/>\t\t\t\t\t\t\t\t\t\t\t\t\t<\/div>\n\t\t\t\t<\/div>\n\t\t\t\t<div class=\"elementor-element elementor-element-4b0b0198 elementor-widget__width-auto elementor-widget-tablet__width-inherit elementor-widget-mobile__width-initial elementor-widget elementor-widget-text-editor\" data-id=\"4b0b0198\" data-element_type=\"widget\" data-widget_type=\"text-editor.default\">\n\t\t\t\t<div class=\"elementor-widget-container\">\n\t\t\t\t\t\t\t<div class=\"WwHelLtovvnjUwGQEsibaHKkciLTifxkrbH\"><div class=\"pvs-header__top-container--no-stack\"><div class=\"pvs-header__left-container--stack\"><div class=\"jOaDAQEZWUoauuSZwPyAtYASiMWLDBSNiLvBk\"><h3 class=\"pvs-header__title text-heading-large\"><span aria-hidden=\"true\">Hakk\u0131nda<\/span><\/h3><p>,<\/p><h6><strong>Kemal \u00c7i\u00e7ek Kimdir ?<\/strong><\/h6><p>1978 Do\u011fumluyum. 2000 y\u0131l\u0131nda Samsun Ondokuz May\u0131s\u00a0 \u00dcniversitesinden mezun oldum. S\u00fcrekli olarak yakla\u015f\u0131k 24 y\u0131ld\u0131r yemek sekt\u00f6r\u00fcnde \u00e7al\u0131\u015fmaya devam etmekteyim.<\/p><\/div><\/div><\/div><\/div><div class=\"display-flex ph5 pv3\"><div class=\" display-flex full-width\" data-generated-suggestion-target=\"urn:li:fsu_profileActionDelegate:-1715386777\"><div class=\"iowYgpaeuQkquTzAoqGJYnMrENGnxFZjVs full-width t-14 t-normal t-black display-flex align-items-center\"><div tabindex=\"-1\" data-artdeco-is-focused=\"true\">\u00a0<\/div><div class=\"kGCTLdNRbmfcjaIHVlvXOeerOcuwPjNDZMDNA full-width\" tabindex=\"-1\" data-artdeco-is-focused=\"true\"><span aria-hidden=\"true\">Catering sekt\u00f6r\u00fcnde \u00f6zellikle kurumsal projelerde 2000 y\u0131l\u0131ndan itibaren aktif bir \u015fekilde \u00e7al\u0131\u015fmaktay\u0131m. Toplamda 12 adet askeri birli\u011fin proje m\u00fcd\u00fcrl\u00fc\u011f\u00fcn\u00fc yapt\u0131m. Kocaeli ve Tokat \u00dcniversiteleri ile 3 adet b\u00fcy\u00fck hastanede y\u00f6neticilik yapt\u0131m. \u015eu s\u0131ralar \u00f6zel sekt\u00f6rde devam etmekteyim.<\/span><\/div><div tabindex=\"-1\" data-artdeco-is-focused=\"true\">\u00a0<\/div><div class=\"kGCTLdNRbmfcjaIHVlvXOeerOcuwPjNDZMDNA full-width\" tabindex=\"-1\" data-artdeco-is-focused=\"true\">\u00a0<\/div><div class=\"kGCTLdNRbmfcjaIHVlvXOeerOcuwPjNDZMDNA full-width\" tabindex=\"-1\" data-artdeco-is-focused=\"true\"><span aria-hidden=\"true\">\u00dclkemizin bir \u00e7ok \u015fehrinde g\u00f6rev yapt\u0131m ve bir \u00e7ok arkada\u015f\u0131m\u0131z\u0131 camiaya kazand\u0131rd\u0131m. G\u00fczel an\u0131lar biriktirip onurlu bir isim olarak haf\u0131zalarda yerimi ald\u0131\u011f\u0131m\u0131 d\u00fc\u015f\u00fcn\u00fcyorum. \u0130\u015f deneyimlerim tamamiyle ihale usul\u00fc resm\u00ee kurumlardan olu\u015ftu\u011fu i\u00e7in bir \u00e7ok \u015firkette g\u00f6rev ald\u0131\u011f\u0131m g\u00f6r\u00fclmektedir. Sekt\u00f6re faydal\u0131 olmak ad\u0131na YouTube da<strong> <a href=\"https:\/\/www.youtube.com\/@KemalCicekSince\">Kemal Cicek Since (1978)<\/a> <\/strong>ad\u0131nda kanal a\u00e7t\u0131m ve e\u011fitim ama\u00e7l\u0131 payla\u015f\u0131mlar yapmaktay\u0131m. Selamlar sayg\u0131lar sunuyorum.<\/span><\/div><div class=\"kGCTLdNRbmfcjaIHVlvXOeerOcuwPjNDZMDNA full-width\" tabindex=\"-1\" data-artdeco-is-focused=\"true\"><span aria-hidden=\"true\"><br \/>Kemal \u00c7i\u00e7ek ( Since 1978 )<\/span><\/div><\/div><\/div><\/div>\t\t\t\t\t\t<\/div>\n\t\t\t\t<\/div>\n\t\t\t\t\t<\/div>\n\t\t\t\t<\/div>\n\t\t<div class=\"elementor-element elementor-element-ed81fca e-transform e-flex e-con-boxed e-con e-parent\" data-id=\"ed81fca\" data-element_type=\"container\" data-settings=\"{&quot;_transform_translateY_effect&quot;:{&quot;unit&quot;:&quot;px&quot;,&quot;size&quot;:143,&quot;sizes&quot;:[]},&quot;_transform_translateX_effect&quot;:{&quot;unit&quot;:&quot;px&quot;,&quot;size&quot;:&quot;&quot;,&quot;sizes&quot;:[]},&quot;_transform_translateX_effect_tablet&quot;:{&quot;unit&quot;:&quot;px&quot;,&quot;size&quot;:&quot;&quot;,&quot;sizes&quot;:[]},&quot;_transform_translateX_effect_mobile&quot;:{&quot;unit&quot;:&quot;px&quot;,&quot;size&quot;:&quot;&quot;,&quot;sizes&quot;:[]},&quot;_transform_translateY_effect_tablet&quot;:{&quot;unit&quot;:&quot;px&quot;,&quot;size&quot;:&quot;&quot;,&quot;sizes&quot;:[]},&quot;_transform_translateY_effect_mobile&quot;:{&quot;unit&quot;:&quot;px&quot;,&quot;size&quot;:&quot;&quot;,&quot;sizes&quot;:[]}}\">\n\t\t\t\t\t<div class=\"e-con-inner\">\n\t\t\t\t\t<\/div>\n\t\t\t\t<\/div>\n\t\t<div class=\"elementor-element elementor-element-37b66cd1 e-transform e-flex e-con-boxed e-con e-parent\" data-id=\"37b66cd1\" data-element_type=\"container\" data-settings=\"{&quot;background_background&quot;:&quot;classic&quot;,&quot;_transform_translateY_effect&quot;:{&quot;unit&quot;:&quot;px&quot;,&quot;size&quot;:110,&quot;sizes&quot;:[]},&quot;_transform_translateX_effect&quot;:{&quot;unit&quot;:&quot;px&quot;,&quot;size&quot;:&quot;&quot;,&quot;sizes&quot;:[]},&quot;_transform_translateX_effect_tablet&quot;:{&quot;unit&quot;:&quot;px&quot;,&quot;size&quot;:&quot;&quot;,&quot;sizes&quot;:[]},&quot;_transform_translateX_effect_mobile&quot;:{&quot;unit&quot;:&quot;px&quot;,&quot;size&quot;:&quot;&quot;,&quot;sizes&quot;:[]},&quot;_transform_translateY_effect_tablet&quot;:{&quot;unit&quot;:&quot;px&quot;,&quot;size&quot;:&quot;&quot;,&quot;sizes&quot;:[]},&quot;_transform_translateY_effect_mobile&quot;:{&quot;unit&quot;:&quot;px&quot;,&quot;size&quot;:&quot;&quot;,&quot;sizes&quot;:[]}}\">\n\t\t\t\t\t<div class=\"e-con-inner\">\n\t\t<div class=\"elementor-element elementor-element-567fed61 e-con-full e-flex e-con e-child\" data-id=\"567fed61\" data-element_type=\"container\">\n\t\t<div class=\"elementor-element elementor-element-44466f83 e-con-full e-flex e-con e-child\" data-id=\"44466f83\" data-element_type=\"container\">\n\t\t\t\t<div class=\"elementor-element elementor-element-1ca67bfe elementor-widget elementor-widget-heading\" data-id=\"1ca67bfe\" data-element_type=\"widget\" data-widget_type=\"heading.default\">\n\t\t\t\t<div class=\"elementor-widget-container\">\n\t\t\t<h5 class=\"elementor-heading-title elementor-size-default\">adres<\/h5>\t\t<\/div>\n\t\t\t\t<\/div>\n\t\t\t\t<\/div>\n\t\t<div class=\"elementor-element elementor-element-6a3c93cb e-con-full e-flex e-con e-child\" data-id=\"6a3c93cb\" data-element_type=\"container\">\n\t\t\t\t<div class=\"elementor-element elementor-element-5c802320 elementor-widget elementor-widget-text-editor\" data-id=\"5c802320\" data-element_type=\"widget\" data-widget_type=\"text-editor.default\">\n\t\t\t\t<div class=\"elementor-widget-container\">\n\t\t\t\t\t\t\t<p>Plevne Mahallesi 12064. Sokak<\/p><p>Konak Apartman\u0131 16\/2 Alt\u0131eyl\u00fcl\/BALIKES\u0130R<\/p>\t\t\t\t\t\t<\/div>\n\t\t\t\t<\/div>\n\t\t\t\t<\/div>\n\t\t\t\t<\/div>\n\t\t<div class=\"elementor-element elementor-element-5b740377 e-con-full e-flex e-con e-child\" data-id=\"5b740377\" data-element_type=\"container\">\n\t\t<div class=\"elementor-element elementor-element-7fde815 e-con-full e-flex e-con e-child\" data-id=\"7fde815\" data-element_type=\"container\" data-settings=\"{&quot;background_background&quot;:&quot;classic&quot;}\">\n\t\t\t\t<div class=\"elementor-element elementor-element-54cd08fd elementor-widget elementor-widget-heading\" data-id=\"54cd08fd\" data-element_type=\"widget\" data-widget_type=\"heading.default\">\n\t\t\t\t<div class=\"elementor-widget-container\">\n\t\t\t<h5 class=\"elementor-heading-title elementor-size-default\">Mail &amp; Telefon<\/h5>\t\t<\/div>\n\t\t\t\t<\/div>\n\t\t\t\t<\/div>\n\t\t<div class=\"elementor-element elementor-element-6edbe465 e-con-full e-flex e-con e-child\" data-id=\"6edbe465\" data-element_type=\"container\">\n\t\t\t\t<div class=\"elementor-element elementor-element-1b058f90 elementor-widget elementor-widget-text-editor\" data-id=\"1b058f90\" data-element_type=\"widget\" data-widget_type=\"text-editor.default\">\n\t\t\t\t<div class=\"elementor-widget-container\">\n\t\t\t\t\t\t\t(253) 948-4951\n<br>info@810dancefloor.net\t\t\t\t\t\t<\/div>\n\t\t\t\t<\/div>\n\t\t\t\t<\/div>\n\t\t\t\t<\/div>\n\t\t<div class=\"elementor-element elementor-element-15aaff79 e-con-full e-flex e-con e-child\" data-id=\"15aaff79\" data-element_type=\"container\">\n\t\t<div class=\"elementor-element elementor-element-4621819d e-con-full e-flex e-con e-child\" data-id=\"4621819d\" data-element_type=\"container\" data-settings=\"{&quot;background_background&quot;:&quot;classic&quot;}\">\n\t\t\t\t<div class=\"elementor-element elementor-element-4e2f1d0a elementor-widget elementor-widget-heading\" data-id=\"4e2f1d0a\" data-element_type=\"widget\" data-widget_type=\"heading.default\">\n\t\t\t\t<div class=\"elementor-widget-container\">\n\t\t\t<h5 class=\"elementor-heading-title elementor-size-default\">BEN\u0130 TAK\u0130P ED\u0130N !<\/h5>\t\t<\/div>\n\t\t\t\t<\/div>\n\t\t\t\t<\/div>\n\t\t<div class=\"elementor-element elementor-element-43d9013 e-con-full e-flex e-con e-child\" data-id=\"43d9013\" data-element_type=\"container\" data-settings=\"{&quot;background_background&quot;:&quot;classic&quot;}\">\n\t\t\t\t<div class=\"elementor-element elementor-element-756ddb24 elementor-shape-square elementor-grid-0 e-grid-align-center elementor-widget elementor-widget-social-icons\" data-id=\"756ddb24\" data-element_type=\"widget\" data-widget_type=\"social-icons.default\">\n\t\t\t\t<div class=\"elementor-widget-container\">\n\t\t\t\t\t<div class=\"elementor-social-icons-wrapper elementor-grid\">\n\t\t\t\t\t\t\t<span class=\"elementor-grid-item\">\n\t\t\t\t\t<a class=\"elementor-icon elementor-social-icon elementor-social-icon- elementor-repeater-item-12ecc50\" target=\"_blank\">\n\t\t\t\t\t\t<span class=\"elementor-screen-only\"><\/span>\n\t\t\t\t\t\t<svg xmlns=\"http:\/\/www.w3.org\/2000\/svg\" id=\"b62454c0-0463-412a-9492-fabdb97c2bec\" data-name=\"Layer 1\" width=\"21\" height=\"21\" viewBox=\"0 0 21 21\"><path id=\"a9b4ec56-f47e-4995-bb27-f770c3d572e7\" data-name=\"Combined-Shape\" d=\"M15.9967,0A5.008,5.008,0,0,1,21,5.0033V15.9967A5.008,5.008,0,0,1,15.9967,21H5.0033A5.008,5.008,0,0,1,0,15.9967V5.0033A5.008,5.008,0,0,1,5.0033,0ZM10.5,5.04a5.46,5.46,0,1,0,5.46,5.46A5.46,5.46,0,0,0,10.5,5.04Zm0,1.68A3.78,3.78,0,1,1,6.72,10.5,3.78,3.78,0,0,1,10.5,6.72Zm6.09-3.78a1.47,1.47,0,1,0,1.47,1.47A1.47,1.47,0,0,0,16.59,2.94Z\" style=\"fill-rule:evenodd\"><\/path><\/svg>\t\t\t\t\t<\/a>\n\t\t\t\t<\/span>\n\t\t\t\t\t\t\t<span class=\"elementor-grid-item\">\n\t\t\t\t\t<a class=\"elementor-icon elementor-social-icon elementor-social-icon-facebook-f elementor-repeater-item-fac13cb\" target=\"_blank\">\n\t\t\t\t\t\t<span class=\"elementor-screen-only\">Facebook-f<\/span>\n\t\t\t\t\t\t<svg class=\"e-font-icon-svg e-fab-facebook-f\" viewBox=\"0 0 320 512\" xmlns=\"http:\/\/www.w3.org\/2000\/svg\"><path d=\"M279.14 288l14.22-92.66h-88.91v-60.13c0-25.35 12.42-50.06 52.24-50.06h40.42V6.26S260.43 0 225.36 0c-73.22 0-121.08 44.38-121.08 124.72v70.62H22.89V288h81.39v224h100.17V288z\"><\/path><\/svg>\t\t\t\t\t<\/a>\n\t\t\t\t<\/span>\n\t\t\t\t\t\t\t<span class=\"elementor-grid-item\">\n\t\t\t\t\t<a class=\"elementor-icon elementor-social-icon elementor-social-icon-twitter elementor-repeater-item-2b24867\" target=\"_blank\">\n\t\t\t\t\t\t<span class=\"elementor-screen-only\">Twitter<\/span>\n\t\t\t\t\t\t<svg class=\"e-font-icon-svg e-fab-twitter\" viewBox=\"0 0 512 512\" xmlns=\"http:\/\/www.w3.org\/2000\/svg\"><path d=\"M459.37 151.716c.325 4.548.325 9.097.325 13.645 0 138.72-105.583 298.558-298.558 298.558-59.452 0-114.68-17.219-161.137-47.106 8.447.974 16.568 1.299 25.34 1.299 49.055 0 94.213-16.568 130.274-44.832-46.132-.975-84.792-31.188-98.112-72.772 6.498.974 12.995 1.624 19.818 1.624 9.421 0 18.843-1.3 27.614-3.573-48.081-9.747-84.143-51.98-84.143-102.985v-1.299c13.969 7.797 30.214 12.67 47.431 13.319-28.264-18.843-46.781-51.005-46.781-87.391 0-19.492 5.197-37.36 14.294-52.954 51.655 63.675 129.3 105.258 216.365 109.807-1.624-7.797-2.599-15.918-2.599-24.04 0-57.828 46.782-104.934 104.934-104.934 30.213 0 57.502 12.67 76.67 33.137 23.715-4.548 46.456-13.32 66.599-25.34-7.798 24.366-24.366 44.833-46.132 57.827 21.117-2.273 41.584-8.122 60.426-16.243-14.292 20.791-32.161 39.308-52.628 54.253z\"><\/path><\/svg>\t\t\t\t\t<\/a>\n\t\t\t\t<\/span>\n\t\t\t\t\t\t\t<span class=\"elementor-grid-item\">\n\t\t\t\t\t<a class=\"elementor-icon elementor-social-icon elementor-social-icon-youtube elementor-repeater-item-467570f\" target=\"_blank\">\n\t\t\t\t\t\t<span class=\"elementor-screen-only\">Youtube<\/span>\n\t\t\t\t\t\t<svg class=\"e-font-icon-svg e-fab-youtube\" viewBox=\"0 0 576 512\" xmlns=\"http:\/\/www.w3.org\/2000\/svg\"><path d=\"M549.655 124.083c-6.281-23.65-24.787-42.276-48.284-48.597C458.781 64 288 64 288 64S117.22 64 74.629 75.486c-23.497 6.322-42.003 24.947-48.284 48.597-11.412 42.867-11.412 132.305-11.412 132.305s0 89.438 11.412 132.305c6.281 23.65 24.787 41.5 48.284 47.821C117.22 448 288 448 288 448s170.78 0 213.371-11.486c23.497-6.321 42.003-24.171 48.284-47.821 11.412-42.867 11.412-132.305 11.412-132.305s0-89.438-11.412-132.305zm-317.51 213.508V175.185l142.739 81.205-142.739 81.201z\"><\/path><\/svg>\t\t\t\t\t<\/a>\n\t\t\t\t<\/span>\n\t\t\t\t\t<\/div>\n\t\t\t\t<\/div>\n\t\t\t\t<\/div>\n\t\t\t\t<\/div>\n\t\t\t\t<\/div>\n\t\t\t\t\t<\/div>\n\t\t\t\t<\/div>\n\t\t\t\t<\/div>\n\t\t","protected":false},"excerpt":{"rendered":"<p>Hakk\u0131nda , Kemal \u00c7i\u00e7ek Kimdir ? 1978 Do\u011fumluyum. 2000 y\u0131l\u0131nda Samsun Ondokuz May\u0131s\u00a0 \u00dcniversitesinden mezun oldum. S\u00fcrekli olarak yakla\u015f\u0131k 24 y\u0131ld\u0131r yemek sekt\u00f6r\u00fcnde \u00e7al\u0131\u015fmaya devam etmekteyim. \u00a0Catering sekt\u00f6r\u00fcnde \u00f6zellikle kurumsal projelerde 2000 y\u0131l\u0131ndan itibaren aktif bir \u015fekilde \u00e7al\u0131\u015fmaktay\u0131m. Toplamda 12 adet askeri birli\u011fin proje m\u00fcd\u00fcrl\u00fc\u011f\u00fcn\u00fc yapt\u0131m. Kocaeli ve Tokat \u00dcniversiteleri ile 3 adet b\u00fcy\u00fck hastanede&#8230;<\/p>\n","protected":false},"author":1,"featured_media":0,"parent":0,"menu_order":0,"comment_status":"closed","ping_status":"closed","template":"elementor_canvas","meta":{"_kad_post_transparent":"","_kad_post_title":"hide","_kad_post_layout":"fullwidth","_kad_post_sidebar_id":"","_kad_post_content_style":"unboxed","_kad_post_vertical_padding":"hide","_kad_post_feature":"hide","_kad_post_feature_position":"","_kad_post_header":false,"_kad_post_footer":false,"footnotes":""},"class_list":["post-3488","page","type-page","status-publish","hentry"],"_links":{"self":[{"href":"https:\/\/kemalcicek.com\/index.php\/wp-json\/wp\/v2\/pages\/3488","targetHints":{"allow":["GET"]}}],"collection":[{"href":"https:\/\/kemalcicek.com\/index.php\/wp-json\/wp\/v2\/pages"}],"about":[{"href":"https:\/\/kemalcicek.com\/index.php\/wp-json\/wp\/v2\/types\/page"}],"author":[{"embeddable":true,"href":"https:\/\/kemalcicek.com\/index.php\/wp-json\/wp\/v2\/users\/1"}],"replies":[{"embeddable":true,"href":"https:\/\/kemalcicek.com\/index.php\/wp-json\/wp\/v2\/comments?post=3488"}],"version-history":[{"count":81,"href":"https:\/\/kemalcicek.com\/index.php\/wp-json\/wp\/v2\/pages\/3488\/revisions"}],"predecessor-version":[{"id":3698,"href":"https:\/\/kemalcicek.com\/index.php\/wp-json\/wp\/v2\/pages\/3488\/revisions\/3698"}],"wp:attachment":[{"href":"https:\/\/kemalcicek.com\/index.php\/wp-json\/wp\/v2\/media?parent=3488"}],"curies":[{"name":"wp","href":"https:\/\/api.w.org\/{rel}","templated":true}]}}